{"id":697,"date":"2018-07-17T10:29:46","date_gmt":"2018-07-17T10:29:46","guid":{"rendered":"https:\/\/www.mmotechno.com\/?page_id=697"},"modified":"2025-11-27T09:55:50","modified_gmt":"2025-11-27T14:55:50","slug":"contact","status":"publish","type":"page","link":"https:\/\/www.mmotechno.com\/en\/contact\/","title":{"rendered":"Contact"},"content":{"rendered":"<div data-elementor-type=\"wp-post\" data-elementor-id=\"697\" class=\"elementor elementor-697\" data-elementor-post-type=\"page\">\n\t\t\t\t\t\t<section class=\"elementor-section elementor-top-section elementor-element elementor-element-8577ce5 elementor-section-stretched two-color-contact elementor-section-boxed elementor-section-height-default elementor-section-height-default\" data-id=\"8577ce5\" data-element_type=\"section\" data-e-type=\"section\" data-settings=\"{&quot;stretch_section&quot;:&quot;section-stretched&quot;}\">\n\t\t\t\t\t\t<div class=\"elementor-container elementor-column-gap-no\">\n\t\t\t\t\t<div class=\"elementor-column elementor-col-50 elementor-top-column elementor-element elementor-element-03d4046 elementor-invisible\" data-id=\"03d4046\" data-element_type=\"column\" data-e-type=\"column\" data-settings=\"{&quot;animation&quot;:&quot;fadeInLeft&quot;}\">\n\t\t\t<div class=\"elementor-widget-wrap elementor-element-populated\">\n\t\t\t\t\t\t<div class=\"elementor-element elementor-element-97532c0 elementor-widget elementor-widget-text-editor\" data-id=\"97532c0\" data-element_type=\"widget\" data-e-type=\"widget\" data-widget_type=\"text-editor.default\">\n\t\t\t\t\t\t\t\t\t<p style=\"color: #000;\"><b>Un probl\u00e8me technique avec votre syst\u00e8me informatique?<br \/>Besoin d\u2019aide ou de conseils pour entretenir et optimiser votre \u00e9cosyst\u00e8me TI<\/b><\/p><p>Notre \u00e9quipe de professionnels exp\u00e9riment\u00e9s installe, r\u00e9pare, entretient et optimise tous vos syst\u00e8mes afin d\u2019am\u00e9liorer l\u2019efficacit\u00e9 et la rapidit\u00e9 de vos op\u00e9rations.<\/p><p>Contactez nos experts d\u00e8s maintenant! Notre \u00e9quipe de techniciens mettra \u00e0 votre disposition son expertise et ses comp\u00e9tences afin de vous offrir le meilleur service, selon vos besoins, vos objectifs et votre budget.<\/p><p style=\"color: #000; margin: 0;\"><strong><br \/>Services et informations g\u00e9n\u00e9rales<\/strong><\/p><p><a class=\"contact-phone\" style=\"font-size: 36px;\" href=\"tel:514-532-0189\">855-532-0189<\/a><\/p><p style=\"color: #000; margin-bottom: 0;\"><b>Nos bureaux<\/b><\/p><p data-pm-slice=\"1 1 []\">3131 Boul. Saint-Martin Ouest, bureau 610, Laval, H7T 2Z5<\/p><p data-pm-slice=\"1 1 []\">Officier responsable de la protection des renseignements personels:<\/p><p>Olivier L. Duguay, VP Operations, 1-855-532-0189<\/p>\t\t\t\t\t\t\t\t<\/div>\n\t\t\t\t\t<\/div>\n\t\t<\/div>\n\t\t\t\t<div class=\"elementor-column elementor-col-50 elementor-top-column elementor-element elementor-element-556870b elementor-invisible\" data-id=\"556870b\" data-element_type=\"column\" data-e-type=\"column\" data-settings=\"{&quot;background_background&quot;:&quot;classic&quot;,&quot;animation&quot;:&quot;fadeInRight&quot;}\">\n\t\t\t<div class=\"elementor-widget-wrap elementor-element-populated\">\n\t\t\t\t\t\t<div class=\"elementor-element elementor-element-95056bf elementor-widget elementor-widget-xs-heading\" data-id=\"95056bf\" data-element_type=\"widget\" data-e-type=\"widget\" data-widget_type=\"xs-heading.default\">\n\t\t\t\t<div class=\"elementor-widget-container\">\n\t\t\t\t\t<div class=\"xs-heading\">\n                <h2 class=\"heading-title\">ENVOYER  <span>UN MESSAGE<\/span><\/h2>\n    <\/div>\t\t\t\t<\/div>\n\t\t\t\t<\/div>\n\t\t\t\t<div class=\"elementor-element elementor-element-9244881 elementor-widget elementor-widget-shortcode\" data-id=\"9244881\" data-element_type=\"widget\" data-e-type=\"widget\" data-widget_type=\"shortcode.default\">\n\t\t\t\t\t\t\t<div class=\"elementor-shortcode\">\n<div class=\"wpcf7 no-js\" id=\"wpcf7-f5-o1\" lang=\"en-US\" dir=\"ltr\" data-wpcf7-id=\"5\">\n<div class=\"screen-reader-response\"><p role=\"status\" aria-live=\"polite\" aria-atomic=\"true\"><\/p> <ul><\/ul><\/div>\n<form action=\"\/en\/wp-json\/wp\/v2\/pages\/697#wpcf7-f5-o1\" method=\"post\" class=\"wpcf7-form init\" aria-label=\"Contact form\" novalidate=\"novalidate\" data-status=\"init\" data-trp-original-action=\"\/en\/wp-json\/wp\/v2\/pages\/697#wpcf7-f5-o1\">\n<fieldset class=\"hidden-fields-container\"><input type=\"hidden\" name=\"_wpcf7\" value=\"5\" \/><input type=\"hidden\" name=\"_wpcf7_version\" value=\"6.1.5\" \/><input type=\"hidden\" name=\"_wpcf7_locale\" value=\"en_US\" \/><input type=\"hidden\" name=\"_wpcf7_unit_tag\" value=\"wpcf7-f5-o1\" \/><input type=\"hidden\" name=\"_wpcf7_container_post\" value=\"0\" \/><input type=\"hidden\" name=\"_wpcf7_posted_data_hash\" value=\"\" \/><input type=\"hidden\" name=\"_wpcf7_recaptcha_response\" value=\"\" \/>\n<\/fieldset>\n<div id=\"xs-contact-form\" class=\"xs-form\">\n\t<div class=\"form-group\">\n\t\t<p><span class=\"wpcf7-form-control-wrap\" data-name=\"text-name\"><input size=\"40\" maxlength=\"400\" class=\"wpcf7-form-control wpcf7-text wpcf7-validates-as-required form-control\" id=\"xs_contact_name\" aria-required=\"true\" aria-invalid=\"false\" placeholder=\"Nom *\" value=\"\" type=\"text\" name=\"text-name\" \/><\/span><br \/>\n<span class=\"wpcf7-form-control-wrap\" data-name=\"your-email\"><input size=\"40\" maxlength=\"400\" class=\"wpcf7-form-control wpcf7-email wpcf7-validates-as-required wpcf7-text wpcf7-validates-as-email form-control\" id=\"xs_contact_email\" aria-required=\"true\" aria-invalid=\"false\" placeholder=\"Courriel *\" value=\"\" type=\"email\" name=\"your-email\" \/><\/span><br \/>\n<span class=\"wpcf7-form-control-wrap\" data-name=\"text-enterprise\"><input size=\"40\" maxlength=\"400\" class=\"wpcf7-form-control wpcf7-text form-control\" id=\"xs_contact_enterprise\" aria-invalid=\"false\" placeholder=\"Entreprise\" value=\"\" type=\"text\" name=\"text-enterprise\" \/><\/span><br \/>\n<span class=\"wpcf7-form-control-wrap\" data-name=\"textarea-massage\"><textarea cols=\"40\" rows=\"10\" maxlength=\"2000\" class=\"wpcf7-form-control wpcf7-textarea wpcf7-validates-as-required form-control\" id=\"x_contact_massage\" aria-required=\"true\" aria-invalid=\"false\" placeholder=\"Question *\" name=\"textarea-massage\"><\/textarea><\/span>\n\t\t<\/p>\n\t<\/div>\n\t<div class=\"xs-btn-wraper\">\n\t\t<p><input class=\"wpcf7-form-control wpcf7-submit has-spinner btn btn-primary\" id=\"xs_contact_submit\" type=\"submit\" value=\"Envoyer maintenant\" \/>\n\t\t<\/p>\n\t<\/div>\n<\/div><div class=\"wpcf7-response-output\" aria-hidden=\"true\"><\/div>\n<input type=\"hidden\" name=\"trp-form-language\" value=\"en\"\/><\/form>\n<\/div>\n<\/div>\n\t\t\t\t\t\t<\/div>\n\t\t\t\t<div class=\"elementor-element elementor-element-18b96a9 elementor-widget elementor-widget-text-editor\" data-id=\"18b96a9\" data-element_type=\"widget\" data-e-type=\"widget\" data-widget_type=\"text-editor.default\">\n\t\t\t\t\t\t\t\t\tThis site is protected by reCAPTCHA and the Google\n    <a href=\"https:\/\/policies.google.com\/privacy\">Privacy Policy<\/a> and\n    <a href=\"https:\/\/policies.google.com\/terms\">Terms of Service<\/a> apply.\n\t\t\t\t\t\t\t\t<\/div>\n\t\t\t\t\t<\/div>\n\t\t<\/div>\n\t\t\t\t\t<\/div>\n\t\t<\/section>\n\t\t\t\t<section class=\"elementor-section elementor-top-section elementor-element elementor-element-1c63ecf elementor-section-full_width animated-fast elementor-section-height-default elementor-section-height-default elementor-invisible\" data-id=\"1c63ecf\" data-element_type=\"section\" data-e-type=\"section\" data-settings=\"{&quot;animation&quot;:&quot;fadeIn&quot;}\">\n\t\t\t\t\t\t<div class=\"elementor-container elementor-column-gap-default\">\n\t\t\t\t\t<div class=\"elementor-column elementor-col-100 elementor-top-column elementor-element elementor-element-41bff3c\" data-id=\"41bff3c\" data-element_type=\"column\" data-e-type=\"column\">\n\t\t\t<div class=\"elementor-widget-wrap elementor-element-populated\">\n\t\t\t\t\t\t<div class=\"elementor-element elementor-element-acdc82c elementor-widget elementor-widget-google_maps\" data-id=\"acdc82c\" data-element_type=\"widget\" data-e-type=\"widget\" data-widget_type=\"google_maps.default\">\n\t\t\t\t\t\t\t<div class=\"elementor-custom-embed\">\n\t\t\t<iframe loading=\"lazy\"\n\t\t\t\t\tsrc=\"https:\/\/maps.google.com\/maps?q=610-3131%20Boul%20Saint-Martin%20Ouest%2C%20Laval&#038;t=m&#038;z=15&#038;output=embed&#038;iwloc=near\"\n\t\t\t\t\ttitle=\"610-3131 Boul Saint-Martin Ouest, Laval\"\n\t\t\t\t\taria-label=\"610-3131 Boul Saint-Martin Ouest, Laval\"\n\t\t\t><\/iframe>\n\t\t<\/div>\n\t\t\t\t\t\t<\/div>\n\t\t\t\t\t<\/div>\n\t\t<\/div>\n\t\t\t\t\t<\/div>\n\t\t<\/section>\n\t\t\t\t<\/div>","protected":false},"excerpt":{"rendered":"<p>Un probl\u00e8me technique avec votre syst\u00e8me informatique?Besoin d\u2019aide ou de conseils pour entretenir et optimiser votre \u00e9cosyst\u00e8me TI Notre \u00e9quipe de professionnels exp\u00e9riment\u00e9s installe, r\u00e9pare, entretient et optimise tous vos syst\u00e8mes afin d\u2019am\u00e9liorer l\u2019efficacit\u00e9 et la rapidit\u00e9 de vos op\u00e9rations. Contactez nos experts d\u00e8s maintenant! Notre \u00e9quipe de techniciens mettra \u00e0 votre disposition son expertise [&hellip;]<\/p>\n","protected":false},"author":2,"featured_media":0,"parent":0,"menu_order":0,"comment_status":"closed","ping_status":"closed","template":"template\/template-full-width.php","meta":{"footnotes":""},"class_list":["post-697","page","type-page","status-publish","hentry"],"_links":{"self":[{"href":"https:\/\/www.mmotechno.com\/en\/wp-json\/wp\/v2\/pages\/697","targetHints":{"allow":["GET"]}}],"collection":[{"href":"https:\/\/www.mmotechno.com\/en\/wp-json\/wp\/v2\/pages"}],"about":[{"href":"https:\/\/www.mmotechno.com\/en\/wp-json\/wp\/v2\/types\/page"}],"author":[{"embeddable":true,"href":"https:\/\/www.mmotechno.com\/en\/wp-json\/wp\/v2\/users\/2"}],"replies":[{"embeddable":true,"href":"https:\/\/www.mmotechno.com\/en\/wp-json\/wp\/v2\/comments?post=697"}],"version-history":[{"count":54,"href":"https:\/\/www.mmotechno.com\/en\/wp-json\/wp\/v2\/pages\/697\/revisions"}],"predecessor-version":[{"id":3473,"href":"https:\/\/www.mmotechno.com\/en\/wp-json\/wp\/v2\/pages\/697\/revisions\/3473"}],"wp:attachment":[{"href":"https:\/\/www.mmotechno.com\/en\/wp-json\/wp\/v2\/media?parent=697"}],"curies":[{"name":"wp","href":"https:\/\/api.w.org\/{rel}","templated":true}]}}